{"id":775,"date":"2019-01-29T16:15:12","date_gmt":"2019-01-29T16:15:12","guid":{"rendered":"https:\/\/wpcast.qantumthemes.xyz\/demo2\/?page_id=775"},"modified":"2025-09-30T22:07:41","modified_gmt":"2025-10-01T02:07:41","slug":"el-podcast-consultor-web-new-york","status":"publish","type":"page","link":"https:\/\/www.luisfernandoosorio.com\/consultorweb\/el-podcast-consultor-web-new-york\/","title":{"rendered":"El Podcast"},"content":{"rendered":"<div class=\"wpb-content-wrapper\"><p>[vc_row][vc_column]\t\t\t<hr class=\"wpcast-spacer-m\">\n\t\t[\/vc_column][\/vc_row][vc_row gap=\u00bb35&#8243; wpcast_container=\u00bbtrue\u00bb][vc_column width=\u00bb1\/2&#8243;]\t\t<div>\n\t\t\t<h3 class=\"wpcast-element-caption wpcast-caption  wpcast-caption__l  \">Bienvenido a Luis Fernando Osorio \u2013 Consultor Web en New York, un podcast creado para mentes inquietas y emprendedores que buscan ir m\u00e1s all\u00e1 de lo com\u00fan.<\/h3>\t\t<\/div>\n\t\t[vc_column_text css=\u00bb\u00bb]En este espacio, exploramos temas que impactan directamente en la vida personal y profesional de quienes desean crecer, innovar y entender mejor el mundo que los rodea. Aqu\u00ed convergen el <strong data-start=\"1565\" data-end=\"1653\">marketing digital, la psicolog\u00eda aplicada, las ventas estrat\u00e9gicas y la mente humana<\/strong>, junto con \u00e1reas clave como la <strong data-start=\"1685\" data-end=\"1832\">inteligencia artificial, la ciberseguridad, la seducci\u00f3n, la psicolog\u00eda oscura, el liderazgo consciente, la salud mental y el lenguaje corporal<\/strong>.<\/p>\n<blockquote><p>\u201cExplora los episodios, comparte el contenido y transforma tu manera de ver el marketing, la mente y los negocios en el siglo XXI.\u201d<\/p><\/blockquote>\n<p>\ud83d\udc49 Escucha, comparte y transforma tu manera de ver los negocios, las emociones y la tecnolog\u00eda.[\/vc_column_text][\/vc_column][vc_column width=\u00bb1\/2&#8243;][vc_single_image image=\u00bb4382&#8243; img_size=\u00bbfull\u00bb css=\u00bb\u00bb][\/vc_column][\/vc_row][vc_row gap=\u00bb35&#8243; wpcast_container=\u00bbtrue\u00bb][vc_column width=\u00bb1\/2&#8243;]\t\t\t<hr class=\"wpcast-spacer-m\">\n\t\t[vc_single_image image=\u00bb4418&#8243; img_size=\u00bbfull\u00bb css=\u00bb\u00bb][\/vc_column][vc_column width=\u00bb1\/2&#8243;]\t\t\t<hr class=\"wpcast-spacer-m\">\n\t\t\t\t<div>\n\t\t\t<h3 class=\"wpcast-element-caption wpcast-caption  wpcast-caption__l  \">El Podcast: Marketing, Psicolog\u00eda y Negocios en la Era Digital<\/h3>\t\t<\/div>\n\t\t[vc_column_text css=\u00bb\u00bb]<\/p>\n<p data-start=\"1837\" data-end=\"2113\">Cada episodio es una invitaci\u00f3n a cuestionarte, aprender y aplicar nuevas herramientas para tu desarrollo. Encontrar\u00e1s historias, an\u00e1lisis, estrategias y reflexiones profundas que combinan el conocimiento t\u00e9cnico con el lado m\u00e1s humano y emocional de los negocios y la vida.<\/p>\n<p data-start=\"2115\" data-end=\"2149\">Este podcast est\u00e1 dise\u00f1ado para:<\/p>\n<ul data-start=\"2150\" data-end=\"2541\">\n<li data-start=\"2150\" data-end=\"2226\">\n<p data-start=\"2152\" data-end=\"2226\"><strong data-start=\"2152\" data-end=\"2169\">Emprendedores<\/strong> que buscan potenciar sus ventas y posicionar su marca.<\/p>\n<\/li>\n<li data-start=\"2227\" data-end=\"2327\">\n<p data-start=\"2229\" data-end=\"2327\"><strong data-start=\"2229\" data-end=\"2246\">Profesionales<\/strong> que desean comprender c\u00f3mo la mente y la psicolog\u00eda influyen en cada decisi\u00f3n.<\/p>\n<\/li>\n<li data-start=\"2328\" data-end=\"2420\">\n<p data-start=\"2330\" data-end=\"2420\"><strong data-start=\"2330\" data-end=\"2341\">L\u00edderes<\/strong> que quieren mejorar sus habilidades de comunicaci\u00f3n, persuasi\u00f3n y liderazgo.<\/p>\n<\/li>\n<li data-start=\"2421\" data-end=\"2541\">\n<p data-start=\"2423\" data-end=\"2541\"><strong data-start=\"2423\" data-end=\"2435\">Curiosos<\/strong> apasionados por la inteligencia artificial, la ciberseguridad y las ciencias del comportamiento humano.<\/p>\n<\/li>\n<\/ul>\n<p data-start=\"2543\" data-end=\"2742\">\ud83d\udc49 <em data-start=\"2546\" data-end=\"2591\">El Podcast no solo informa, tambi\u00e9n inspira<\/em>. Aqu\u00ed encontrar\u00e1s claves pr\u00e1cticas, ejemplos reales y conceptos innovadores que podr\u00e1s aplicar en tu vida diaria, en tu negocio y en tus relaciones.<\/p>\n<p>[\/vc_column_text][vc_column_text css=\u00bb.vc_custom_1759282366685{margin-top: 1em !important;}\u00bb]<\/p>\n<h3>Explora nuestras redes sociales<\/h3>\n<p>[\/vc_column_text][vc_row_inner][vc_column_inner width=\u00bb1\/5&#8243;]\t\t\t\t\t\t\t\t<a href=\"https:\/\/www.youtube.com\/@ConsultorWeb\" target=\"_blank\" class=\"wpcast-btn  wpcast-short-socialicon  qt-btn-primary  wpcast-btn__r\" rel=\"noopener\">\n\t\t\t\t\t<i class=\"qt-socicon-youtube qt-socialicon\"><\/i><\/a>\n\t\t\t\t\t[\/vc_column_inner][vc_column_inner width=\u00bb1\/5&#8243;]\t\t\t\t\t\t\t\t<a href=\"https:\/\/x.com\/Consultorwebnyc\" target=\"_blank\" class=\"wpcast-btn  wpcast-short-socialicon  qt-btn-primary  wpcast-btn__r\">\n\t\t\t\t\t<i class=\"qt-socicon-twitter qt-socialicon\"><\/i><\/a>\n\t\t\t\t\t[\/vc_column_inner][vc_column_inner width=\u00bb1\/5&#8243;]\t\t\t\t\t\t\t\t<a href=\"https:\/\/www.instagram.com\/consultorweb\/\" target=\"_blank\" class=\"wpcast-btn  wpcast-short-socialicon  qt-btn-primary  wpcast-btn__r\" rel=\"noopener\">\n\t\t\t\t\t<i class=\"qt-socicon-instagram qt-socialicon\"><\/i><\/a>\n\t\t\t\t\t[\/vc_column_inner][vc_column_inner width=\u00bb1\/5&#8243;]\t\t\t\t\t\t\t\t<a href=\"https:\/\/www.facebook.com\/consultorwebusa\" target=\"_blank\" class=\"wpcast-btn  wpcast-short-socialicon  qt-btn-primary  wpcast-btn__r\" rel=\"noopener\">\n\t\t\t\t\t<i class=\"qt-socicon-facebook qt-socialicon\"><\/i><\/a>\n\t\t\t\t\t[\/vc_column_inner][\/vc_row_inner][\/vc_column][\/vc_row][vc_row][vc_column]\t\t\t<hr class=\"wpcast-spacer-m\">\n\t\t[vc_raw_html css=\u00bb.vc_custom_1759284330985{background-position: center !important;background-repeat: no-repeat !important;background-size: cover !important;}\u00bb]JTVCcHJlc3RvX3BsYXllciUyMGlkJTNENDQ3NiU1RA==[\/vc_raw_html][\/vc_column][\/vc_row]<\/p>\n<\/div>","protected":false},"excerpt":{"rendered":"<p>[vc_row][vc_column][\/vc_column][\/vc_row][vc_row gap=\u00bb35&#8243; wpcast_container=\u00bbtrue\u00bb][vc_column width=\u00bb1\/2&#8243;][vc_column_text css=\u00bb\u00bb]En este espacio, exploramos temas que impactan directamente en la vida personal y profesional de quienes desean crecer, innovar y entender mejor el mundo que los rodea. Aqu\u00ed convergen el marketing digital, la psicolog\u00eda aplicada, las ventas estrat\u00e9gicas y la mente humana, junto con \u00e1reas clave [&#8230;]<\/p>\n","protected":false},"author":1,"featured_media":4355,"parent":0,"menu_order":0,"comment_status":"closed","ping_status":"closed","template":"page-fullwidth.php","meta":{"give_campaign_id":0,"rs_blank_template":"","rs_page_bg_color":"","slide_template_v7":"","footnotes":""},"class_list":["post-775","page","type-page","status-publish","has-post-thumbnail","hentry"],"campaignId":"","_hostinger_reach_plugin_has_subscription_block":false,"_hostinger_reach_plugin_is_elementor":false,"_links":{"self":[{"href":"https:\/\/www.luisfernandoosorio.com\/consultorweb\/wp-json\/wp\/v2\/pages\/775","targetHints":{"allow":["GET"]}}],"collection":[{"href":"https:\/\/www.luisfernandoosorio.com\/consultorweb\/wp-json\/wp\/v2\/pages"}],"about":[{"href":"https:\/\/www.luisfernandoosorio.com\/consultorweb\/wp-json\/wp\/v2\/types\/page"}],"author":[{"embeddable":true,"href":"https:\/\/www.luisfernandoosorio.com\/consultorweb\/wp-json\/wp\/v2\/users\/1"}],"replies":[{"embeddable":true,"href":"https:\/\/www.luisfernandoosorio.com\/consultorweb\/wp-json\/wp\/v2\/comments?post=775"}],"version-history":[{"count":0,"href":"https:\/\/www.luisfernandoosorio.com\/consultorweb\/wp-json\/wp\/v2\/pages\/775\/revisions"}],"wp:featuredmedia":[{"embeddable":true,"href":"https:\/\/www.luisfernandoosorio.com\/consultorweb\/wp-json\/wp\/v2\/media\/4355"}],"wp:attachment":[{"href":"https:\/\/www.luisfernandoosorio.com\/consultorweb\/wp-json\/wp\/v2\/media?parent=775"}],"curies":[{"name":"wp","href":"https:\/\/api.w.org\/{rel}","templated":true}]}}