{"id":668,"date":"2019-01-29T14:15:17","date_gmt":"2019-01-29T14:15:17","guid":{"rendered":"https:\/\/wpcast.qantumthemes.xyz\/demo2\/?page_id=668"},"modified":"2025-10-04T13:50:41","modified_gmt":"2025-10-04T17:50:41","slug":"quienes-somos","status":"publish","type":"page","link":"https:\/\/www.luisfernandoosorio.com\/consultorweb\/quienes-somos\/","title":{"rendered":"Quienes somos"},"content":{"rendered":"<div class=\"wpb-content-wrapper\"><p>[vc_row][vc_column][vc_column_text css=\u00bb\u00bb]<\/p>\n<h3 style=\"text-align: center;\"><span style=\"color: #ffcc00;\">\u00abConecta. Aprende. Transforma tu Presencia Digital.\u00bb<\/span><\/h3>\n<h3 data-start=\"691\" data-end=\"725\"><strong data-start=\"695\" data-end=\"725\">Sobre Luis Fernando Osorio<\/strong><\/h3>\n<p data-start=\"727\" data-end=\"1083\">Soy <strong data-start=\"731\" data-end=\"755\">Luis Fernando Osorio<\/strong>, consultor web con m\u00e1s de una d\u00e9cada de experiencia ayudando a profesionales, emprendedores y marcas a posicionarse en el mundo digital. Desde la vibrante ciudad de <strong data-start=\"921\" data-end=\"933\">New York<\/strong>, me he especializado en estrategias de marketing, SEO, desarrollo web y transformaci\u00f3n digital, combinando t\u00e9cnica, creatividad y visi\u00f3n estrat\u00e9gica.<\/p>\n<p data-start=\"1085\" data-end=\"1330\">Mi pasi\u00f3n es comunicar, educar y empoderar a otros. Por eso cre\u00e9 este podcast: para compartir ideas accionables, tendencias, entrevistas, casos reales y herramientas que te ayuden a hacer crecer tu presencia online de forma aut\u00e9ntica y rentable.<\/p>\n<hr data-start=\"1332\" data-end=\"1335\" \/>\n<h3 data-start=\"1337\" data-end=\"1376\"><strong data-start=\"1341\" data-end=\"1376\">\u00bfQu\u00e9 ofrecemos en este Podcast?<\/strong><\/h3>\n<p data-start=\"1378\" data-end=\"1466\">Cada episodio est\u00e1 dise\u00f1ado para aportarte <strong data-start=\"1421\" data-end=\"1435\">valor real<\/strong>, sin rodeos. Aqu\u00ed encontrar\u00e1s:<\/p>\n<ul data-start=\"1468\" data-end=\"1773\">\n<li data-start=\"1468\" data-end=\"1513\">\n<p data-start=\"1470\" data-end=\"1513\"><strong data-start=\"1470\" data-end=\"1513\">Consejos pr\u00e1cticos de marketing digital<\/strong><\/p>\n<\/li>\n<li data-start=\"1514\" data-end=\"1560\">\n<p data-start=\"1516\" data-end=\"1560\"><strong data-start=\"1516\" data-end=\"1560\">T\u00e9cnicas SEO aplicadas a negocios reales<\/strong><\/p>\n<\/li>\n<li data-start=\"1561\" data-end=\"1620\">\n<p data-start=\"1563\" data-end=\"1620\"><strong data-start=\"1563\" data-end=\"1620\">Historias de \u00e9xito de profesionales latinos en EE.UU.<\/strong><\/p>\n<\/li>\n<li data-start=\"1621\" data-end=\"1669\">\n<p data-start=\"1623\" data-end=\"1669\"><strong data-start=\"1623\" data-end=\"1669\">Entrevistas con expertos del mundo digital<\/strong><\/p>\n<\/li>\n<li data-start=\"1670\" data-end=\"1714\">\n<p data-start=\"1672\" data-end=\"1714\"><strong data-start=\"1672\" data-end=\"1714\">Tutoriales para optimizar tu sitio web<\/strong><\/p>\n<\/li>\n<li data-start=\"1715\" data-end=\"1773\">\n<p data-start=\"1717\" data-end=\"1773\"><strong data-start=\"1717\" data-end=\"1773\">Reflexiones sobre emprendimiento y liderazgo digital<\/strong><\/p>\n<\/li>\n<\/ul>\n<p data-start=\"1775\" data-end=\"1959\">Nuestro objetivo es brindarte informaci\u00f3n clara, sin tecnicismos innecesarios, para que puedas tomar mejores decisiones y <strong data-start=\"1897\" data-end=\"1958\">convertirte en el protagonista de tu propio \u00e9xito digital<\/strong>.<\/p>\n<p>[\/vc_column_text][\/vc_column][\/vc_row][vc_row][vc_column]\t\t<div>\n\t\t\t<h3 class=\"wpcast-element-caption wpcast-caption  wpcast-caption__l  \">El Equipo<\/h3>\t\t<\/div>\n\t\t\t\t\t<hr class=\"wpcast-spacer-s\">\n\t\t[vc_row_inner content_placement=\u00bbmiddle\u00bb gap=\u00bb10&#8243;][vc_column_inner width=\u00bb1\/3&#8243;][vc_single_image image=\u00bb1421&#8243; img_size=\u00bb200&#215;200&#8243; style=\u00bbvc_box_circle_2&#8243; css=\u00bb\u00bb][\/vc_column_inner][vc_column_inner width=\u00bb2\/3&#8243;][vc_column_text css=\u00bb\u00bb]<\/p>\n<h4>Luis Fernando Osorio<\/h4>\n<p>[\/vc_column_text][vc_column_text css=\u00bb.vc_custom_1759600157773{margin-top: -1.5em !important;}\u00bb]<\/p>\n<h6><span style=\"color: #999999;\">FUNDADOR<\/span><\/h6>\n<p>[\/vc_column_text][vc_column_text css=\u00bb.vc_custom_1759600147862{margin-top: -1.5em !important;}\u00bb]Conoce a Luis Fernando Osorio, el consultor web detr\u00e1s del podcast l\u00edder en estrategias digitales desde New York. Aprende, insp\u00edrate y crece con nosotros.[\/vc_column_text][\/vc_column_inner][\/vc_row_inner][vc_column_text css=\u00bb\u00bb]<\/p>\n<blockquote>\n<h3 style=\"text-align: center;\"><strong>No necesitas ser un experto para empezar, pero necesitas empezar para convertirte en uno.<\/strong><\/h3>\n<\/blockquote>\n<p>[\/vc_column_text][\/vc_column][\/vc_row]<\/p>\n<\/div>","protected":false},"excerpt":{"rendered":"<p>[vc_row][vc_column][vc_column_text css=\u00bb\u00bb] \u00abConecta. Aprende. Transforma tu Presencia Digital.\u00bb Sobre Luis Fernando Osorio Soy Luis Fernando Osorio, consultor web con m\u00e1s de una d\u00e9cada de experiencia ayudando a profesionales, emprendedores y marcas a posicionarse en el mundo digital. Desde la vibrante ciudad de New York, me he especializado en estrategias de [&#8230;]<\/p>\n","protected":false},"author":1,"featured_media":1446,"parent":0,"menu_order":0,"comment_status":"closed","ping_status":"closed","template":"","meta":{"give_campaign_id":0,"rs_blank_template":"","rs_page_bg_color":"","slide_template_v7":"","footnotes":""},"class_list":["post-668","page","type-page","status-publish","has-post-thumbnail","hentry"],"campaignId":"","_hostinger_reach_plugin_has_subscription_block":false,"_hostinger_reach_plugin_is_elementor":false,"_links":{"self":[{"href":"https:\/\/www.luisfernandoosorio.com\/consultorweb\/wp-json\/wp\/v2\/pages\/668","targetHints":{"allow":["GET"]}}],"collection":[{"href":"https:\/\/www.luisfernandoosorio.com\/consultorweb\/wp-json\/wp\/v2\/pages"}],"about":[{"href":"https:\/\/www.luisfernandoosorio.com\/consultorweb\/wp-json\/wp\/v2\/types\/page"}],"author":[{"embeddable":true,"href":"https:\/\/www.luisfernandoosorio.com\/consultorweb\/wp-json\/wp\/v2\/users\/1"}],"replies":[{"embeddable":true,"href":"https:\/\/www.luisfernandoosorio.com\/consultorweb\/wp-json\/wp\/v2\/comments?post=668"}],"version-history":[{"count":0,"href":"https:\/\/www.luisfernandoosorio.com\/consultorweb\/wp-json\/wp\/v2\/pages\/668\/revisions"}],"wp:featuredmedia":[{"embeddable":true,"href":"https:\/\/www.luisfernandoosorio.com\/consultorweb\/wp-json\/wp\/v2\/media\/1446"}],"wp:attachment":[{"href":"https:\/\/www.luisfernandoosorio.com\/consultorweb\/wp-json\/wp\/v2\/media?parent=668"}],"curies":[{"name":"wp","href":"https:\/\/api.w.org\/{rel}","templated":true}]}}