{"id":373,"date":"2019-01-23T13:50:42","date_gmt":"2019-01-23T13:50:42","guid":{"rendered":"https:\/\/wpcast.qantumthemes.xyz\/demo2\/?page_id=373"},"modified":"2025-09-29T19:41:31","modified_gmt":"2025-09-29T23:41:31","slug":"blog-grid-sidebar","status":"publish","type":"page","link":"https:\/\/www.luisfernandoosorio.com\/consultorweb\/blog-grid-sidebar\/","title":{"rendered":"Blog Grid Sidebar"},"content":{"rendered":"<div class=\"wpb-content-wrapper\"><p>[vc_row][vc_column]\t\t\t<hr class=\"wpcast-spacer-m\">\n\t\t[\/vc_column][\/vc_row][vc_row wpcast_container=\u00bbtrue\u00bb css=\u00bb.vc_custom_1548260123569{margin-right: 0px !important;margin-left: 0px !important;padding-right: 0px !important;padding-left: 0px !important;}\u00bb][vc_column css=\u00bb.vc_custom_1548260140649{padding-top: 30px !important;padding-right: 5% !important;padding-bottom: 30px !important;padding-left: 5% !important;background-color: #ffffff !important;border-radius: 4px !important;}\u00bb]\t\t<div>\n\t\t\t<h4 class=\"wpcast-element-caption wpcast-caption  wpcast-caption__m  \">Consejo r\u00e1pido:<\/h4>\t\t<\/div>\n\t\t[vc_column_text css=\u00bb\u00bb]Un consejo r\u00e1pido para disfrutar al m\u00e1ximo tu podcast es <strong data-start=\"57\" data-end=\"98\">escucharlo con calma y plena atenci\u00f3n<\/strong>, como un espacio personal. Busca un lugar c\u00f3modo, pon los aud\u00edfonos, ten a mano una libreta para anotar ideas que te inspiren y, sobre todo, <strong data-start=\"240\" data-end=\"352\">permite que cada episodio despierte tu curiosidad y te invite a reflexionar o poner en pr\u00e1ctica lo aprendido<\/strong>.[\/vc_column_text][vc_column_text css=\u00bb\u00bb]<\/p>\n<blockquote>\n<p style=\"text-align: center;\">\ud83d\udc49 <strong data-start=\"73\" data-end=\"171\">\u00abNo solo escuches, vive cada episodio. Insp\u00edrate, reflexiona y convierte cada idea en acci\u00f3n.\u00bb<\/strong><\/p>\n<\/blockquote>\n<p>[\/vc_column_text][\/vc_column][\/vc_row]<\/p>\n<\/div>","protected":false},"excerpt":{"rendered":"<p>[vc_row][vc_column][\/vc_column][\/vc_row][vc_row wpcast_container=\u00bbtrue\u00bb css=\u00bb.vc_custom_1548260123569{margin-right: 0px !important;margin-left: 0px !important;padding-right: 0px !important;padding-left: 0px !important;}\u00bb][vc_column css=\u00bb.vc_custom_1548260140649{padding-top: 30px !important;padding-right: 5% !important;padding-bottom: 30px !important;padding-left: 5% !important;background-color: #ffffff !important;border-radius: 4px !important;}\u00bb][vc_column_text css=\u00bb\u00bb]Un consejo r\u00e1pido para disfrutar al m\u00e1ximo tu podcast es escucharlo con calma y plena atenci\u00f3n, como un espacio personal. Busca un lugar c\u00f3modo, pon los [&#8230;]<\/p>\n","protected":false},"author":1,"featured_media":1446,"parent":0,"menu_order":0,"comment_status":"closed","ping_status":"closed","template":"archive-grid-sidebar.php","meta":{"give_campaign_id":0,"rs_blank_template":"","rs_page_bg_color":"","slide_template_v7":"","footnotes":""},"class_list":["post-373","page","type-page","status-publish","has-post-thumbnail","hentry"],"campaignId":"","_hostinger_reach_plugin_has_subscription_block":false,"_hostinger_reach_plugin_is_elementor":false,"_links":{"self":[{"href":"https:\/\/www.luisfernandoosorio.com\/consultorweb\/wp-json\/wp\/v2\/pages\/373","targetHints":{"allow":["GET"]}}],"collection":[{"href":"https:\/\/www.luisfernandoosorio.com\/consultorweb\/wp-json\/wp\/v2\/pages"}],"about":[{"href":"https:\/\/www.luisfernandoosorio.com\/consultorweb\/wp-json\/wp\/v2\/types\/page"}],"author":[{"embeddable":true,"href":"https:\/\/www.luisfernandoosorio.com\/consultorweb\/wp-json\/wp\/v2\/users\/1"}],"replies":[{"embeddable":true,"href":"https:\/\/www.luisfernandoosorio.com\/consultorweb\/wp-json\/wp\/v2\/comments?post=373"}],"version-history":[{"count":0,"href":"https:\/\/www.luisfernandoosorio.com\/consultorweb\/wp-json\/wp\/v2\/pages\/373\/revisions"}],"wp:featuredmedia":[{"embeddable":true,"href":"https:\/\/www.luisfernandoosorio.com\/consultorweb\/wp-json\/wp\/v2\/media\/1446"}],"wp:attachment":[{"href":"https:\/\/www.luisfernandoosorio.com\/consultorweb\/wp-json\/wp\/v2\/media?parent=373"}],"curies":[{"name":"wp","href":"https:\/\/api.w.org\/{rel}","templated":true}]}}